{"id":2756,"date":"2023-04-01T10:05:29","date_gmt":"2023-04-01T10:05:29","guid":{"rendered":"https:\/\/grandber.ee\/homepage\/"},"modified":"2025-11-10T13:38:03","modified_gmt":"2025-11-10T13:38:03","slug":"homepage","status":"publish","type":"page","link":"https:\/\/grandber.ee\/en\/","title":{"rendered":"Homepage"},"content":{"rendered":"\t\t<div data-elementor-type=\"wp-post\" data-elementor-id=\"2756\" class=\"elementor elementor-2756\" data-elementor-post-type=\"page\">\n\t\t\t\t<div class=\"elementor-element elementor-element-2b1f25c e-con-full e-flex e-con e-parent\" data-id=\"2b1f25c\" data-element_type=\"container\" data-e-type=\"container\" data-settings=\"{&quot;background_background&quot;:&quot;classic&quot;}\">\n\t\t<div class=\"elementor-element elementor-element-5832dd3 e-flex e-con-boxed e-con e-child\" data-id=\"5832dd3\" data-element_type=\"container\" data-e-type=\"container\">\n\t\t\t\t\t<div class=\"e-con-inner\">\n\t\t\t\t<div class=\"elementor-element elementor-element-a039602 elementor-widget__width-initial elementor-widget elementor-widget-heading\" data-id=\"a039602\" data-element_type=\"widget\" data-e-type=\"widget\" data-widget_type=\"heading.default\">\n\t\t\t\t<div class=\"elementor-widget-container\">\n\t\t\t\t\t<h2 class=\"elementor-heading-title elementor-size-default\">13 years of experience!<\/h2>\t\t\t\t<\/div>\n\t\t\t\t<\/div>\n\t\t\t\t<div class=\"elementor-element elementor-element-90f9b46 elementor-widget elementor-widget-button\" data-id=\"90f9b46\" data-element_type=\"widget\" data-e-type=\"widget\" data-widget_type=\"button.default\">\n\t\t\t\t<div class=\"elementor-widget-container\">\n\t\t\t\t\t\t\t\t\t<div class=\"elementor-button-wrapper\">\n\t\t\t\t\t<a class=\"elementor-button elementor-button-link elementor-size-md\" href=\"https:\/\/grandber.ee\/en\/contact\/\">\n\t\t\t\t\t\t<span class=\"elementor-button-content-wrapper\">\n\t\t\t\t\t\t\t\t\t<span class=\"elementor-button-text\">Ask for offer<\/span>\n\t\t\t\t\t<\/span>\n\t\t\t\t\t<\/a>\n\t\t\t\t<\/div>\n\t\t\t\t\t\t\t\t<\/div>\n\t\t\t\t<\/div>\n\t\t\t\t<div class=\"elementor-element elementor-element-acd0c0a elementor-widget__width-initial elementor-widget elementor-widget-text-editor\" data-id=\"acd0c0a\" data-element_type=\"widget\" data-e-type=\"widget\" data-widget_type=\"text-editor.default\">\n\t\t\t\t<div class=\"elementor-widget-container\">\n\t\t\t\t\t\t\t\t\t<p>Grandber Sisustus O\u00dc helps to furnish your home or company premises.<br>We bring to life the ideas you need to furnish your home or office.&nbsp;<\/p>\n<p>Your ideas &#8211; our execution.<\/p>\n<p>If there is a lack of ideas, we will help you find a suitable solution. Thanks to a wide range of products and experienced project managers, we are able to offer our customers the best furnishing solutions. <\/p>\n<p><b>WE PREPARE A 3D DRAWING FOR EACH OFFER!&nbsp;<\/b><\/p>\n<p><b>KITCHEN FURNITURE UP TO -25% UNTIL THE END OF JUNE<\/b><\/p>\n<p class=\"p1\"><a href=\"https:\/\/grandber.ee\/en\/completed-work-kitchen-furniture\/\">See the works done<\/a><\/p>\t\t\t\t\t\t\t\t<\/div>\n\t\t\t\t<\/div>\n\t\t\t\t\t<\/div>\n\t\t\t\t<\/div>\n\t\t<div class=\"elementor-element elementor-element-102e1ec e-con-full e-flex e-con e-child\" data-id=\"102e1ec\" data-element_type=\"container\" data-e-type=\"container\">\n\t\t\t\t<\/div>\n\t\t\t\t<\/div>\n\t\t<div class=\"elementor-element elementor-element-79c6b61 e-con-full e-flex e-con e-parent\" data-id=\"79c6b61\" data-element_type=\"container\" data-e-type=\"container\">\n\t\t<div class=\"elementor-element elementor-element-623d852 e-con-full e-flex e-con e-child\" data-id=\"623d852\" data-element_type=\"container\" data-e-type=\"container\">\n\t\t<div class=\"elementor-element elementor-element-cbc79ad e-con-full e-flex e-con e-child\" data-id=\"cbc79ad\" data-element_type=\"container\" data-e-type=\"container\" data-settings=\"{&quot;background_background&quot;:&quot;classic&quot;}\">\n\t\t\t\t<\/div>\n\t\t<div class=\"elementor-element elementor-element-1d0a825 e-flex e-con-boxed e-con e-child\" data-id=\"1d0a825\" data-element_type=\"container\" data-e-type=\"container\">\n\t\t\t\t\t<div class=\"e-con-inner\">\n\t\t\t\t<div class=\"elementor-element elementor-element-8780df1 elementor-widget elementor-widget-heading\" data-id=\"8780df1\" data-element_type=\"widget\" data-e-type=\"widget\" data-widget_type=\"heading.default\">\n\t\t\t\t<div class=\"elementor-widget-container\">\n\t\t\t\t\t<h2 class=\"elementor-heading-title elementor-size-default\"><a href=\"https:\/\/grandber.ee\/en\/kitchen-furniture\/\">Kitchen Furniture<\/a><\/h2>\t\t\t\t<\/div>\n\t\t\t\t<\/div>\n\t\t\t\t\t<\/div>\n\t\t\t\t<\/div>\n\t\t\t\t<\/div>\n\t\t<div class=\"elementor-element elementor-element-1c2dff9 e-con-full e-flex e-con e-child\" data-id=\"1c2dff9\" data-element_type=\"container\" data-e-type=\"container\">\n\t\t<div class=\"elementor-element elementor-element-4fde4a3 e-con-full e-flex e-con e-child\" data-id=\"4fde4a3\" data-element_type=\"container\" data-e-type=\"container\" data-settings=\"{&quot;background_background&quot;:&quot;classic&quot;}\">\n\t\t\t\t<\/div>\n\t\t<div class=\"elementor-element elementor-element-8cf49c5 e-flex e-con-boxed e-con e-child\" data-id=\"8cf49c5\" data-element_type=\"container\" data-e-type=\"container\">\n\t\t\t\t\t<div class=\"e-con-inner\">\n\t\t\t\t<div class=\"elementor-element elementor-element-f9f6505 elementor-widget elementor-widget-heading\" data-id=\"f9f6505\" data-element_type=\"widget\" data-e-type=\"widget\" data-widget_type=\"heading.default\">\n\t\t\t\t<div class=\"elementor-widget-container\">\n\t\t\t\t\t<h2 class=\"elementor-heading-title elementor-size-default\"><a href=\"https:\/\/grandber.ee\/en\/wardrobes\/\">Wardrobes<\/a><\/h2>\t\t\t\t<\/div>\n\t\t\t\t<\/div>\n\t\t\t\t\t<\/div>\n\t\t\t\t<\/div>\n\t\t\t\t<\/div>\n\t\t<div class=\"elementor-element elementor-element-b427203 e-con-full e-flex e-con e-child\" data-id=\"b427203\" data-element_type=\"container\" data-e-type=\"container\">\n\t\t<div class=\"elementor-element elementor-element-01a8de8 e-con-full e-flex e-con e-child\" data-id=\"01a8de8\" data-element_type=\"container\" data-e-type=\"container\" data-settings=\"{&quot;background_background&quot;:&quot;classic&quot;}\">\n\t\t\t\t<\/div>\n\t\t<div class=\"elementor-element elementor-element-6012363 e-flex e-con-boxed e-con e-child\" data-id=\"6012363\" data-element_type=\"container\" data-e-type=\"container\">\n\t\t\t\t\t<div class=\"e-con-inner\">\n\t\t\t\t<div class=\"elementor-element elementor-element-b2ffc7b elementor-widget elementor-widget-heading\" data-id=\"b2ffc7b\" data-element_type=\"widget\" data-e-type=\"widget\" data-widget_type=\"heading.default\">\n\t\t\t\t<div class=\"elementor-widget-container\">\n\t\t\t\t\t<h2 class=\"elementor-heading-title elementor-size-default\"><a href=\"https:\/\/grandber.ee\/en\/sliding-doors\/\">Sliding doors<\/a><\/h2>\t\t\t\t<\/div>\n\t\t\t\t<\/div>\n\t\t\t\t\t<\/div>\n\t\t\t\t<\/div>\n\t\t\t\t<\/div>\n\t\t<div class=\"elementor-element elementor-element-9d188ea e-con-full e-flex e-con e-child\" data-id=\"9d188ea\" data-element_type=\"container\" data-e-type=\"container\">\n\t\t<div class=\"elementor-element elementor-element-dfe60ed e-con-full e-flex e-con e-child\" data-id=\"dfe60ed\" data-element_type=\"container\" data-e-type=\"container\" data-settings=\"{&quot;background_background&quot;:&quot;classic&quot;}\">\n\t\t\t\t<\/div>\n\t\t<div class=\"elementor-element elementor-element-a29f4f8 e-flex e-con-boxed e-con e-child\" data-id=\"a29f4f8\" data-element_type=\"container\" data-e-type=\"container\">\n\t\t\t\t\t<div class=\"e-con-inner\">\n\t\t\t\t<div class=\"elementor-element elementor-element-6b6bd80 elementor-widget elementor-widget-heading\" data-id=\"6b6bd80\" data-element_type=\"widget\" data-e-type=\"widget\" data-widget_type=\"heading.default\">\n\t\t\t\t<div class=\"elementor-widget-container\">\n\t\t\t\t\t<h2 class=\"elementor-heading-title elementor-size-default\"><a href=\"https:\/\/grandber.ee\/en\/products-window-coverings\/\">Window Covers<\/a><\/h2>\t\t\t\t<\/div>\n\t\t\t\t<\/div>\n\t\t\t\t\t<\/div>\n\t\t\t\t<\/div>\n\t\t\t\t<\/div>\n\t\t\t\t<\/div>\n\t\t<div class=\"elementor-element elementor-element-fda0f4e e-con-full e-flex e-con e-parent\" data-id=\"fda0f4e\" data-element_type=\"container\" data-e-type=\"container\" data-settings=\"{&quot;background_background&quot;:&quot;classic&quot;}\">\n\t\t<div class=\"elementor-element elementor-element-f6860ce e-con-full e-flex e-con e-child\" data-id=\"f6860ce\" data-element_type=\"container\" data-e-type=\"container\">\n\t\t\t\t<\/div>\n\t\t<div class=\"elementor-element elementor-element-814f219 e-con-full e-flex e-con e-child\" data-id=\"814f219\" data-element_type=\"container\" data-e-type=\"container\">\n\t\t\t\t<div class=\"elementor-element elementor-element-c1c3fb7 elementor-widget__width-initial elementor-widget elementor-widget-heading\" data-id=\"c1c3fb7\" data-element_type=\"widget\" data-e-type=\"widget\" data-widget_type=\"heading.default\">\n\t\t\t\t<div class=\"elementor-widget-container\">\n\t\t\t\t\t<h2 class=\"elementor-heading-title elementor-size-default\">Grandber Furniture<\/h2>\t\t\t\t<\/div>\n\t\t\t\t<\/div>\n\t\t\t\t<div class=\"elementor-element elementor-element-b77973e elementor-widget__width-initial elementor-widget elementor-widget-text-editor\" data-id=\"b77973e\" data-element_type=\"widget\" data-e-type=\"widget\" data-widget_type=\"text-editor.default\">\n\t\t\t\t<div class=\"elementor-widget-container\">\n\t\t\t\t\t\t\t\t\t<p class=\"p1\">Spring inspires us to refresh our homes!  <span style=\"color: var( --e-global-color-text );\">Now is the perfect time to tidy up your kitchen.  <\/span><\/p>\n<p class=\"p1\">Our wide selection of kitchen furniture and accessories allows you to create exactly the kind of kitchen you&#8217;ve always wanted.<br \/>Our designers will help you choose the most suitable style and functional solutions to create a comfortable and inviting environment in your kitchen.<\/p>\n<p class=\"p1\">Grandber Sisustus is known for its high-quality furniture, and our kitchen furniture is durable and beautiful.<\/p>\n<p class=\"p1\">Now is a good opportunity to buy high-quality furniture at a particularly affordable price!<\/p>\n<p class=\"p1\"><strong>Come and visit our Tartu and Tallinn salons or contact us and book a consultation with our designer.<br \/><\/strong> <strong style=\"color: var( --e-global-color-text ); text-align: var(--text-align);\">Together we will create a unique and beautiful kitchen that fits your needs perfectly!<\/strong><\/p>\n\t\t\t\t\t\t\t\t<\/div>\n\t\t\t\t<\/div>\n\t\t\t\t<div class=\"elementor-element elementor-element-8b447df elementor-widget elementor-widget-button\" data-id=\"8b447df\" data-element_type=\"widget\" data-e-type=\"widget\" data-widget_type=\"button.default\">\n\t\t\t\t<div class=\"elementor-widget-container\">\n\t\t\t\t\t\t\t\t\t<div class=\"elementor-button-wrapper\">\n\t\t\t\t\t<a class=\"elementor-button elementor-button-link elementor-size-sm\" href=\"https:\/\/grandber.ee\/en\/contact\/\">\n\t\t\t\t\t\t<span class=\"elementor-button-content-wrapper\">\n\t\t\t\t\t\t\t\t\t<span class=\"elementor-button-text\">Ask for offer<\/span>\n\t\t\t\t\t<\/span>\n\t\t\t\t\t<\/a>\n\t\t\t\t<\/div>\n\t\t\t\t\t\t\t\t<\/div>\n\t\t\t\t<\/div>\n\t\t\t\t<\/div>\n\t\t\t\t<\/div>\n\t\t<div class=\"elementor-element elementor-element-f90b274 e-con-full e-flex e-con e-parent\" data-id=\"f90b274\" data-element_type=\"container\" data-e-type=\"container\" data-settings=\"{&quot;background_background&quot;:&quot;classic&quot;}\">\n\t\t<div class=\"elementor-element elementor-element-56ef10f e-con-full elementor-hidden-mobile e-flex e-con e-child\" data-id=\"56ef10f\" data-element_type=\"container\" data-e-type=\"container\">\n\t\t\t\t<\/div>\n\t\t<div class=\"elementor-element elementor-element-701ec3b e-con-full e-flex e-con e-child\" data-id=\"701ec3b\" data-element_type=\"container\" data-e-type=\"container\">\n\t\t\t\t<div class=\"elementor-element elementor-element-30a0eaf elementor-widget-mobile__width-initial elementor-widget elementor-widget-image\" data-id=\"30a0eaf\" data-element_type=\"widget\" data-e-type=\"widget\" data-widget_type=\"image.default\">\n\t\t\t\t<div class=\"elementor-widget-container\">\n\t\t\t\t\t\t\t\t\t\t\t\t\t\t\t<img fetchpriority=\"high\" decoding=\"async\" width=\"500\" height=\"500\" src=\"https:\/\/grandber.ee\/wp-content\/uploads\/2024\/02\/picture-1.png\" class=\"attachment-large size-large wp-image-4519\" alt=\"Gasellfirma\" srcset=\"https:\/\/grandber.ee\/wp-content\/uploads\/2024\/02\/picture-1.png 500w, https:\/\/grandber.ee\/wp-content\/uploads\/2024\/02\/picture-1-300x300.png 300w, https:\/\/grandber.ee\/wp-content\/uploads\/2024\/02\/picture-1-150x150.png 150w\" sizes=\"(max-width: 500px) 100vw, 500px\" \/>\t\t\t\t\t\t\t\t\t\t\t\t\t\t\t<\/div>\n\t\t\t\t<\/div>\n\t\t\t\t<div class=\"elementor-element elementor-element-0bd4671 elementor-widget-mobile__width-initial elementor-widget elementor-widget-image\" data-id=\"0bd4671\" data-element_type=\"widget\" data-e-type=\"widget\" data-widget_type=\"image.default\">\n\t\t\t\t<div class=\"elementor-widget-container\">\n\t\t\t\t\t\t\t\t\t\t\t\t\t\t\t<img decoding=\"async\" width=\"800\" height=\"706\" src=\"https:\/\/grandber.ee\/wp-content\/uploads\/2024\/05\/image-4-1024x904.webp\" class=\"attachment-large size-large wp-image-4665\" alt=\"Infopank Usaldusv\u00e4\u00e4rne ettev\u00f5te 2024 Grandber Sisustus\" srcset=\"https:\/\/grandber.ee\/wp-content\/uploads\/2024\/05\/image-4-1024x904.webp 1024w, https:\/\/grandber.ee\/wp-content\/uploads\/2024\/05\/image-4-300x265.webp 300w, https:\/\/grandber.ee\/wp-content\/uploads\/2024\/05\/image-4-768x678.webp 768w, https:\/\/grandber.ee\/wp-content\/uploads\/2024\/05\/image-4.webp 1501w\" sizes=\"(max-width: 800px) 100vw, 800px\" \/>\t\t\t\t\t\t\t\t\t\t\t\t\t\t\t<\/div>\n\t\t\t\t<\/div>\n\t\t\t\t<div class=\"elementor-element elementor-element-220ba76 elementor-widget-mobile__width-initial elementor-widget elementor-widget-image\" data-id=\"220ba76\" data-element_type=\"widget\" data-e-type=\"widget\" data-widget_type=\"image.default\">\n\t\t\t\t<div class=\"elementor-widget-container\">\n\t\t\t\t\t\t\t\t\t\t\t\t\t\t\t<img decoding=\"async\" width=\"2560\" height=\"2560\" src=\"https:\/\/grandber.ee\/wp-content\/uploads\/2025\/11\/GRANDBER_SISUSTUS_OU_12064169_Aripaeva_TOP_2025_Margis_EN-scaled.png\" class=\"attachment-full size-full wp-image-5842\" alt=\"\u00c4rip\u00e4eva top ettev\u00f5te 2025\" srcset=\"https:\/\/grandber.ee\/wp-content\/uploads\/2025\/11\/GRANDBER_SISUSTUS_OU_12064169_Aripaeva_TOP_2025_Margis_EN-scaled.png 2560w, https:\/\/grandber.ee\/wp-content\/uploads\/2025\/11\/GRANDBER_SISUSTUS_OU_12064169_Aripaeva_TOP_2025_Margis_EN-300x300.png 300w, https:\/\/grandber.ee\/wp-content\/uploads\/2025\/11\/GRANDBER_SISUSTUS_OU_12064169_Aripaeva_TOP_2025_Margis_EN-1024x1024.png 1024w, https:\/\/grandber.ee\/wp-content\/uploads\/2025\/11\/GRANDBER_SISUSTUS_OU_12064169_Aripaeva_TOP_2025_Margis_EN-150x150.png 150w, https:\/\/grandber.ee\/wp-content\/uploads\/2025\/11\/GRANDBER_SISUSTUS_OU_12064169_Aripaeva_TOP_2025_Margis_EN-768x768.png 768w, https:\/\/grandber.ee\/wp-content\/uploads\/2025\/11\/GRANDBER_SISUSTUS_OU_12064169_Aripaeva_TOP_2025_Margis_EN-1536x1536.png 1536w, https:\/\/grandber.ee\/wp-content\/uploads\/2025\/11\/GRANDBER_SISUSTUS_OU_12064169_Aripaeva_TOP_2025_Margis_EN-2048x2048.png 2048w\" sizes=\"(max-width: 2560px) 100vw, 2560px\" \/>\t\t\t\t\t\t\t\t\t\t\t\t\t\t\t<\/div>\n\t\t\t\t<\/div>\n\t\t\t\t<\/div>\n\t\t\t\t<\/div>\n\t\t\t\t<\/div>\n\t\t","protected":false},"excerpt":{"rendered":"<p>13 years of experience! Ask for offer Grandber Sisustus O\u00dc helps to furnish your home or company premises.We bring to life the ideas you need to furnish your home or office.&nbsp; Your ideas &#8211; our execution. If there is a lack of ideas, we will help you find a suitable solution. Thanks to a wide [&hellip;]<\/p>\n","protected":false},"author":1,"featured_media":5717,"parent":0,"menu_order":0,"comment_status":"closed","ping_status":"closed","template":"","meta":{"footnotes":""},"class_list":["post-2756","page","type-page","status-publish","has-post-thumbnail","hentry"],"yoast_head":"<!-- This site is optimized with the Yoast SEO plugin v27.4 - https:\/\/yoast.com\/product\/yoast-seo-wordpress\/ -->\n<title>Grandber - Custom Sliding Door Wardrobes &amp; Interiors<\/title>\n<meta name=\"description\" content=\"Grandber Furnishings can furnish your home or business. Your ideas - our implementation. Kitchen furniture, wardrobes, sliding doors, etc. Ask for a quote!\" \/>\n<meta name=\"robots\" content=\"index, follow, max-snippet:-1, max-image-preview:large, max-video-preview:-1\" \/>\n<link rel=\"canonical\" href=\"https:\/\/grandber.ee\/en\/\" \/>\n<meta property=\"og:locale\" content=\"en_US\" \/>\n<meta property=\"og:type\" content=\"article\" \/>\n<meta property=\"og:title\" content=\"Grandber - Custom Sliding Door Wardrobes &amp; Interiors\" \/>\n<meta property=\"og:description\" content=\"Grandber Furnishings can furnish your home or business. Your ideas - our implementation. Kitchen furniture, wardrobes, sliding doors, etc. Ask for a quote!\" \/>\n<meta property=\"og:url\" content=\"https:\/\/grandber.ee\/en\/\" \/>\n<meta property=\"og:site_name\" content=\"Grandber Sisustus\" \/>\n<meta property=\"article:modified_time\" content=\"2025-11-10T13:38:03+00:00\" \/>\n<meta property=\"og:image\" content=\"https:\/\/grandber.ee\/wp-content\/uploads\/2025\/07\/DSC_4633-Edit.jpg\" \/>\n\t<meta property=\"og:image:width\" content=\"2048\" \/>\n\t<meta property=\"og:image:height\" content=\"1363\" \/>\n\t<meta property=\"og:image:type\" content=\"image\/jpeg\" \/>\n<meta name=\"twitter:card\" content=\"summary_large_image\" \/>\n<meta name=\"twitter:label1\" content=\"Est. reading time\" \/>\n\t<meta name=\"twitter:data1\" content=\"3 minutes\" \/>\n<script type=\"application\/ld+json\" class=\"yoast-schema-graph\">{\"@context\":\"https:\\\/\\\/schema.org\",\"@graph\":[{\"@type\":\"WebPage\",\"@id\":\"https:\\\/\\\/grandber.ee\\\/en\\\/\",\"url\":\"https:\\\/\\\/grandber.ee\\\/en\\\/\",\"name\":\"Grandber - Custom Sliding Door Wardrobes & Interiors\",\"isPartOf\":{\"@id\":\"https:\\\/\\\/grandber.ee\\\/en\\\/#website\"},\"primaryImageOfPage\":{\"@id\":\"https:\\\/\\\/grandber.ee\\\/en\\\/#primaryimage\"},\"image\":{\"@id\":\"https:\\\/\\\/grandber.ee\\\/en\\\/#primaryimage\"},\"thumbnailUrl\":\"https:\\\/\\\/grandber.ee\\\/wp-content\\\/uploads\\\/2025\\\/07\\\/DSC_4633-Edit.jpg\",\"datePublished\":\"2023-04-01T10:05:29+00:00\",\"dateModified\":\"2025-11-10T13:38:03+00:00\",\"description\":\"Grandber Furnishings can furnish your home or business. Your ideas - our implementation. Kitchen furniture, wardrobes, sliding doors, etc. Ask for a quote!\",\"breadcrumb\":{\"@id\":\"https:\\\/\\\/grandber.ee\\\/en\\\/#breadcrumb\"},\"inLanguage\":\"en-US\",\"potentialAction\":[{\"@type\":\"ReadAction\",\"target\":[\"https:\\\/\\\/grandber.ee\\\/en\\\/\"]}]},{\"@type\":\"ImageObject\",\"inLanguage\":\"en-US\",\"@id\":\"https:\\\/\\\/grandber.ee\\\/en\\\/#primaryimage\",\"url\":\"https:\\\/\\\/grandber.ee\\\/wp-content\\\/uploads\\\/2025\\\/07\\\/DSC_4633-Edit.jpg\",\"contentUrl\":\"https:\\\/\\\/grandber.ee\\\/wp-content\\\/uploads\\\/2025\\\/07\\\/DSC_4633-Edit.jpg\",\"width\":2048,\"height\":1363,\"caption\":\"K\u00f6\u00f6gim\u00f6\u00f6bel Tartus ja Tallinnas\"},{\"@type\":\"BreadcrumbList\",\"@id\":\"https:\\\/\\\/grandber.ee\\\/en\\\/#breadcrumb\",\"itemListElement\":[{\"@type\":\"ListItem\",\"position\":1,\"name\":\"Home\",\"item\":\"https:\\\/\\\/grandber.ee\\\/en\\\/\"},{\"@type\":\"ListItem\",\"position\":2,\"name\":\"Homepage\"}]},{\"@type\":\"WebSite\",\"@id\":\"https:\\\/\\\/grandber.ee\\\/en\\\/#website\",\"url\":\"https:\\\/\\\/grandber.ee\\\/en\\\/\",\"name\":\"Grandber Sisustus\",\"description\":\"\",\"publisher\":{\"@id\":\"https:\\\/\\\/grandber.ee\\\/en\\\/#organization\"},\"potentialAction\":[{\"@type\":\"SearchAction\",\"target\":{\"@type\":\"EntryPoint\",\"urlTemplate\":\"https:\\\/\\\/grandber.ee\\\/en\\\/?s={search_term_string}\"},\"query-input\":{\"@type\":\"PropertyValueSpecification\",\"valueRequired\":true,\"valueName\":\"search_term_string\"}}],\"inLanguage\":\"en-US\"},{\"@type\":\"Organization\",\"@id\":\"https:\\\/\\\/grandber.ee\\\/en\\\/#organization\",\"name\":\"Grandber Sisustus\",\"url\":\"https:\\\/\\\/grandber.ee\\\/en\\\/\",\"logo\":{\"@type\":\"ImageObject\",\"inLanguage\":\"en-US\",\"@id\":\"https:\\\/\\\/grandber.ee\\\/en\\\/#\\\/schema\\\/logo\\\/image\\\/\",\"url\":\"https:\\\/\\\/grandber.ee\\\/wp-content\\\/uploads\\\/2023\\\/04\\\/Group-1-1.png\",\"contentUrl\":\"https:\\\/\\\/grandber.ee\\\/wp-content\\\/uploads\\\/2023\\\/04\\\/Group-1-1.png\",\"width\":338,\"height\":125,\"caption\":\"Grandber Sisustus\"},\"image\":{\"@id\":\"https:\\\/\\\/grandber.ee\\\/en\\\/#\\\/schema\\\/logo\\\/image\\\/\"}}]}<\/script>\n<!-- \/ Yoast SEO plugin. -->","yoast_head_json":{"title":"Grandber - Custom Sliding Door Wardrobes & Interiors","description":"Grandber Furnishings can furnish your home or business. Your ideas - our implementation. Kitchen furniture, wardrobes, sliding doors, etc. Ask for a quote!","robots":{"index":"index","follow":"follow","max-snippet":"max-snippet:-1","max-image-preview":"max-image-preview:large","max-video-preview":"max-video-preview:-1"},"canonical":"https:\/\/grandber.ee\/en\/","og_locale":"en_US","og_type":"article","og_title":"Grandber - Custom Sliding Door Wardrobes & Interiors","og_description":"Grandber Furnishings can furnish your home or business. Your ideas - our implementation. Kitchen furniture, wardrobes, sliding doors, etc. Ask for a quote!","og_url":"https:\/\/grandber.ee\/en\/","og_site_name":"Grandber Sisustus","article_modified_time":"2025-11-10T13:38:03+00:00","og_image":[{"width":2048,"height":1363,"url":"https:\/\/grandber.ee\/wp-content\/uploads\/2025\/07\/DSC_4633-Edit.jpg","type":"image\/jpeg"}],"twitter_card":"summary_large_image","twitter_misc":{"Est. reading time":"3 minutes"},"schema":{"@context":"https:\/\/schema.org","@graph":[{"@type":"WebPage","@id":"https:\/\/grandber.ee\/en\/","url":"https:\/\/grandber.ee\/en\/","name":"Grandber - Custom Sliding Door Wardrobes & Interiors","isPartOf":{"@id":"https:\/\/grandber.ee\/en\/#website"},"primaryImageOfPage":{"@id":"https:\/\/grandber.ee\/en\/#primaryimage"},"image":{"@id":"https:\/\/grandber.ee\/en\/#primaryimage"},"thumbnailUrl":"https:\/\/grandber.ee\/wp-content\/uploads\/2025\/07\/DSC_4633-Edit.jpg","datePublished":"2023-04-01T10:05:29+00:00","dateModified":"2025-11-10T13:38:03+00:00","description":"Grandber Furnishings can furnish your home or business. Your ideas - our implementation. Kitchen furniture, wardrobes, sliding doors, etc. Ask for a quote!","breadcrumb":{"@id":"https:\/\/grandber.ee\/en\/#breadcrumb"},"inLanguage":"en-US","potentialAction":[{"@type":"ReadAction","target":["https:\/\/grandber.ee\/en\/"]}]},{"@type":"ImageObject","inLanguage":"en-US","@id":"https:\/\/grandber.ee\/en\/#primaryimage","url":"https:\/\/grandber.ee\/wp-content\/uploads\/2025\/07\/DSC_4633-Edit.jpg","contentUrl":"https:\/\/grandber.ee\/wp-content\/uploads\/2025\/07\/DSC_4633-Edit.jpg","width":2048,"height":1363,"caption":"K\u00f6\u00f6gim\u00f6\u00f6bel Tartus ja Tallinnas"},{"@type":"BreadcrumbList","@id":"https:\/\/grandber.ee\/en\/#breadcrumb","itemListElement":[{"@type":"ListItem","position":1,"name":"Home","item":"https:\/\/grandber.ee\/en\/"},{"@type":"ListItem","position":2,"name":"Homepage"}]},{"@type":"WebSite","@id":"https:\/\/grandber.ee\/en\/#website","url":"https:\/\/grandber.ee\/en\/","name":"Grandber Sisustus","description":"","publisher":{"@id":"https:\/\/grandber.ee\/en\/#organization"},"potentialAction":[{"@type":"SearchAction","target":{"@type":"EntryPoint","urlTemplate":"https:\/\/grandber.ee\/en\/?s={search_term_string}"},"query-input":{"@type":"PropertyValueSpecification","valueRequired":true,"valueName":"search_term_string"}}],"inLanguage":"en-US"},{"@type":"Organization","@id":"https:\/\/grandber.ee\/en\/#organization","name":"Grandber Sisustus","url":"https:\/\/grandber.ee\/en\/","logo":{"@type":"ImageObject","inLanguage":"en-US","@id":"https:\/\/grandber.ee\/en\/#\/schema\/logo\/image\/","url":"https:\/\/grandber.ee\/wp-content\/uploads\/2023\/04\/Group-1-1.png","contentUrl":"https:\/\/grandber.ee\/wp-content\/uploads\/2023\/04\/Group-1-1.png","width":338,"height":125,"caption":"Grandber Sisustus"},"image":{"@id":"https:\/\/grandber.ee\/en\/#\/schema\/logo\/image\/"}}]}},"_links":{"self":[{"href":"https:\/\/grandber.ee\/en\/wp-json\/wp\/v2\/pages\/2756","targetHints":{"allow":["GET"]}}],"collection":[{"href":"https:\/\/grandber.ee\/en\/wp-json\/wp\/v2\/pages"}],"about":[{"href":"https:\/\/grandber.ee\/en\/wp-json\/wp\/v2\/types\/page"}],"author":[{"embeddable":true,"href":"https:\/\/grandber.ee\/en\/wp-json\/wp\/v2\/users\/1"}],"replies":[{"embeddable":true,"href":"https:\/\/grandber.ee\/en\/wp-json\/wp\/v2\/comments?post=2756"}],"version-history":[{"count":30,"href":"https:\/\/grandber.ee\/en\/wp-json\/wp\/v2\/pages\/2756\/revisions"}],"predecessor-version":[{"id":5853,"href":"https:\/\/grandber.ee\/en\/wp-json\/wp\/v2\/pages\/2756\/revisions\/5853"}],"wp:featuredmedia":[{"embeddable":true,"href":"https:\/\/grandber.ee\/en\/wp-json\/wp\/v2\/media\/5717"}],"wp:attachment":[{"href":"https:\/\/grandber.ee\/en\/wp-json\/wp\/v2\/media?parent=2756"}],"curies":[{"name":"wp","href":"https:\/\/api.w.org\/{rel}","templated":true}]}}