{"id":4004,"date":"2023-04-01T11:05:08","date_gmt":"2023-04-01T11:05:08","guid":{"rendered":"https:\/\/grandber.ee\/more\/"},"modified":"2025-11-10T11:38:07","modified_gmt":"2025-11-10T11:38:07","slug":"about-us","status":"publish","type":"page","link":"https:\/\/grandber.ee\/en\/about-us\/","title":{"rendered":"About us"},"content":{"rendered":"\t\t<div data-elementor-type=\"wp-post\" data-elementor-id=\"4004\" class=\"elementor elementor-4004\" data-elementor-post-type=\"page\">\n\t\t\t\t<div class=\"elementor-element elementor-element-2b1f25c e-con-full e-flex e-con e-parent\" data-id=\"2b1f25c\" data-element_type=\"container\" data-e-type=\"container\" data-settings=\"{&quot;background_background&quot;:&quot;classic&quot;}\">\n\t\t<div class=\"elementor-element elementor-element-5832dd3 e-flex e-con-boxed e-con e-child\" data-id=\"5832dd3\" data-element_type=\"container\" data-e-type=\"container\">\n\t\t\t\t\t<div class=\"e-con-inner\">\n\t\t<div class=\"elementor-element elementor-element-b58af81 e-con-full e-flex e-con e-child\" data-id=\"b58af81\" data-element_type=\"container\" data-e-type=\"container\" data-settings=\"{&quot;background_background&quot;:&quot;classic&quot;}\">\n\t\t\t\t<div class=\"elementor-element elementor-element-db2d9a8 elementor-widget elementor-widget-text-editor\" data-id=\"db2d9a8\" data-element_type=\"widget\" data-e-type=\"widget\" data-widget_type=\"text-editor.default\">\n\t\t\t\t<div class=\"elementor-widget-container\">\n\t\t\t\t\t\t\t\t\t<p><a href=\"https:\/\/grandber.ee\/kuidas-tellida\/\">How to order<\/a><\/p><p><a href=\"https:\/\/grandber.ee\/sertifikaadid\/\">Certificates<\/a><\/p><p><a href=\"https:\/\/grandber.ee\/lhv-jarelmaks\/\">LHV Financing<\/a><\/p>\t\t\t\t\t\t\t\t<\/div>\n\t\t\t\t<\/div>\n\t\t\t\t<\/div>\n\t\t\t\t<div class=\"elementor-element elementor-element-a039602 elementor-widget__width-initial elementor-widget elementor-widget-heading\" data-id=\"a039602\" data-element_type=\"widget\" data-e-type=\"widget\" data-widget_type=\"heading.default\">\n\t\t\t\t<div class=\"elementor-widget-container\">\n\t\t\t\t\t<h2 class=\"elementor-heading-title elementor-size-default\">About us<\/h2>\t\t\t\t<\/div>\n\t\t\t\t<\/div>\n\t\t\t\t<div class=\"elementor-element elementor-element-acd0c0a elementor-widget__width-initial elementor-widget-mobile__width-initial elementor-widget elementor-widget-text-editor\" data-id=\"acd0c0a\" data-element_type=\"widget\" data-e-type=\"widget\" data-widget_type=\"text-editor.default\">\n\t\t\t\t<div class=\"elementor-widget-container\">\n\t\t\t\t\t\t\t\t\t<p>Grandber Sisustus O\u00dc helps to furnish your home or company premises. We implement the ideas you need to outfit your home or office. Your ideas \u2013 our solution. If you lack ideas, we help to find a suitable solution for you. <br \/>Your ideas &#8211; our implementation. A wide product selection and experienced project managers are the key to offering our customers the best interior design solutions. Simplicity and flexibility, style and functionality, modernity, and an attractive price range ensure customer satisfaction. Modern software helps create an image of your selected furniture before commissioning.<\/p>\n<p>Simplicity and flexibility, style and functionality, modernity and the right price range ensure customer satisfaction. A modern computer program creates a picture of the furniture the customer wants before the order is placed.<br \/>The experience and skills of our staff enable us to tackle even the most complex projects. Product development, technological innovations and staff training ensure the rapid development of the company and the high quality of its products to achieve customer satisfaction, which is our main objective.<\/p>\n\t\t\t\t\t\t\t\t<\/div>\n\t\t\t\t<\/div>\n\t\t\t\t<div class=\"elementor-element elementor-element-8a3323d elementor-widget__width-initial elementor-widget elementor-widget-image\" data-id=\"8a3323d\" data-element_type=\"widget\" data-e-type=\"widget\" data-widget_type=\"image.default\">\n\t\t\t\t<div class=\"elementor-widget-container\">\n\t\t\t\t\t\t\t\t\t\t\t\t\t\t\t<img decoding=\"async\" width=\"240\" height=\"198\" src=\"https:\/\/grandber.ee\/wp-content\/uploads\/2023\/05\/picture.png\" class=\"attachment-medium_large size-medium_large wp-image-3657\" alt=\"Gasellfirma\" \/>\t\t\t\t\t\t\t\t\t\t\t\t\t\t\t<\/div>\n\t\t\t\t<\/div>\n\t\t\t\t\t<\/div>\n\t\t\t\t<\/div>\n\t\t<div class=\"elementor-element elementor-element-102e1ec e-con-full e-flex e-con e-child\" data-id=\"102e1ec\" data-element_type=\"container\" data-e-type=\"container\">\n\t\t\t\t<\/div>\n\t\t\t\t<\/div>\n\t\t<div class=\"elementor-element elementor-element-e63327a e-flex e-con-boxed e-con e-parent\" data-id=\"e63327a\" data-element_type=\"container\" data-e-type=\"container\">\n\t\t\t\t\t<div class=\"e-con-inner\">\n\t\t\t\t\t<\/div>\n\t\t\t\t<\/div>\n\t\t<div class=\"elementor-element elementor-element-a340c56 e-flex e-con-boxed e-con e-parent\" data-id=\"a340c56\" data-element_type=\"container\" data-e-type=\"container\">\n\t\t\t\t\t<div class=\"e-con-inner\">\n\t\t\t\t<div class=\"elementor-element elementor-element-cad1811 elementor-widget elementor-widget-heading\" data-id=\"cad1811\" data-element_type=\"widget\" data-e-type=\"widget\" data-widget_type=\"heading.default\">\n\t\t\t\t<div class=\"elementor-widget-container\">\n\t\t\t\t\t<h2 class=\"elementor-heading-title elementor-size-default\">Our product range includes:<\/h2>\t\t\t\t<\/div>\n\t\t\t\t<\/div>\n\t\t\t\t\t<\/div>\n\t\t\t\t<\/div>\n\t\t<div class=\"elementor-element elementor-element-04e50ed e-con-full e-flex e-con e-parent\" data-id=\"04e50ed\" data-element_type=\"container\" data-e-type=\"container\">\n\t\t<div class=\"elementor-element elementor-element-78180aa e-flex e-con-boxed e-con e-child\" data-id=\"78180aa\" data-element_type=\"container\" data-e-type=\"container\">\n\t\t\t\t\t<div class=\"e-con-inner\">\n\t\t<div class=\"elementor-element elementor-element-6e85f25 e-con-full e-flex e-con e-child\" data-id=\"6e85f25\" data-element_type=\"container\" data-e-type=\"container\">\n\t\t<div class=\"elementor-element elementor-element-0da5c37 e-con-full e-flex e-con e-child\" data-id=\"0da5c37\" data-element_type=\"container\" data-e-type=\"container\">\n\t\t<div class=\"elementor-element elementor-element-c42a294 e-con-full e-flex e-con e-child\" data-id=\"c42a294\" data-element_type=\"container\" data-e-type=\"container\" data-settings=\"{&quot;background_background&quot;:&quot;classic&quot;}\">\n\t\t\t\t<\/div>\n\t\t<div class=\"elementor-element elementor-element-891ee88 e-flex e-con-boxed e-con e-child\" data-id=\"891ee88\" data-element_type=\"container\" data-e-type=\"container\">\n\t\t\t\t\t<div class=\"e-con-inner\">\n\t\t\t\t<div class=\"elementor-element elementor-element-4545e81 elementor-widget elementor-widget-heading\" data-id=\"4545e81\" data-element_type=\"widget\" data-e-type=\"widget\" data-widget_type=\"heading.default\">\n\t\t\t\t<div class=\"elementor-widget-container\">\n\t\t\t\t\t<h2 class=\"elementor-heading-title elementor-size-default\"><a href=\"https:\/\/grandber.ee\/en\/kitchen-furniture\/\">Kitchen Furniture<\/a><\/h2>\t\t\t\t<\/div>\n\t\t\t\t<\/div>\n\t\t\t\t\t<\/div>\n\t\t\t\t<\/div>\n\t\t\t\t<\/div>\n\t\t<div class=\"elementor-element elementor-element-2c4c59c e-con-full e-flex e-con e-child\" data-id=\"2c4c59c\" data-element_type=\"container\" data-e-type=\"container\">\n\t\t<div class=\"elementor-element elementor-element-bc48a9a e-con-full e-flex e-con e-child\" data-id=\"bc48a9a\" data-element_type=\"container\" data-e-type=\"container\" data-settings=\"{&quot;background_background&quot;:&quot;classic&quot;}\">\n\t\t\t\t<\/div>\n\t\t<div class=\"elementor-element elementor-element-1951ef1 e-flex e-con-boxed e-con e-child\" data-id=\"1951ef1\" data-element_type=\"container\" data-e-type=\"container\">\n\t\t\t\t\t<div class=\"e-con-inner\">\n\t\t\t\t<div class=\"elementor-element elementor-element-5f6f551 elementor-widget elementor-widget-heading\" data-id=\"5f6f551\" data-element_type=\"widget\" data-e-type=\"widget\" data-widget_type=\"heading.default\">\n\t\t\t\t<div class=\"elementor-widget-container\">\n\t\t\t\t\t<h2 class=\"elementor-heading-title elementor-size-default\"><a href=\"https:\/\/grandber.ee\/en\/wardrobes\/\">Wardrobes<\/a><\/h2>\t\t\t\t<\/div>\n\t\t\t\t<\/div>\n\t\t\t\t\t<\/div>\n\t\t\t\t<\/div>\n\t\t\t\t<\/div>\n\t\t<div class=\"elementor-element elementor-element-fb3c418 e-con-full e-flex e-con e-child\" data-id=\"fb3c418\" data-element_type=\"container\" data-e-type=\"container\">\n\t\t<div class=\"elementor-element elementor-element-9409366 e-con-full e-flex e-con e-child\" data-id=\"9409366\" data-element_type=\"container\" data-e-type=\"container\" data-settings=\"{&quot;background_background&quot;:&quot;classic&quot;}\">\n\t\t\t\t<\/div>\n\t\t<div class=\"elementor-element elementor-element-0c7462c e-flex e-con-boxed e-con e-child\" data-id=\"0c7462c\" data-element_type=\"container\" data-e-type=\"container\">\n\t\t\t\t\t<div class=\"e-con-inner\">\n\t\t\t\t<div class=\"elementor-element elementor-element-b275a05 elementor-widget elementor-widget-heading\" data-id=\"b275a05\" data-element_type=\"widget\" data-e-type=\"widget\" data-widget_type=\"heading.default\">\n\t\t\t\t<div class=\"elementor-widget-container\">\n\t\t\t\t\t<h2 class=\"elementor-heading-title elementor-size-default\"><a href=\"https:\/\/grandber.ee\/en\/sliding-doors\/\">Sliding doors<\/a><\/h2>\t\t\t\t<\/div>\n\t\t\t\t<\/div>\n\t\t\t\t\t<\/div>\n\t\t\t\t<\/div>\n\t\t\t\t<\/div>\n\t\t<div class=\"elementor-element elementor-element-97f15c5 e-con-full e-flex e-con e-child\" data-id=\"97f15c5\" data-element_type=\"container\" data-e-type=\"container\">\n\t\t<div class=\"elementor-element elementor-element-0eb6445 e-con-full e-flex e-con e-child\" data-id=\"0eb6445\" data-element_type=\"container\" data-e-type=\"container\" data-settings=\"{&quot;background_background&quot;:&quot;classic&quot;}\">\n\t\t\t\t<\/div>\n\t\t<div class=\"elementor-element elementor-element-931dde1 e-flex e-con-boxed e-con e-child\" data-id=\"931dde1\" data-element_type=\"container\" data-e-type=\"container\">\n\t\t\t\t\t<div class=\"e-con-inner\">\n\t\t\t\t<div class=\"elementor-element elementor-element-5927a38 elementor-widget elementor-widget-heading\" data-id=\"5927a38\" data-element_type=\"widget\" data-e-type=\"widget\" data-widget_type=\"heading.default\">\n\t\t\t\t<div class=\"elementor-widget-container\">\n\t\t\t\t\t<h2 class=\"elementor-heading-title elementor-size-default\"><a href=\"https:\/\/grandber.ee\/en\/products-window-coverings\/\">Window Covers<\/a><\/h2>\t\t\t\t<\/div>\n\t\t\t\t<\/div>\n\t\t\t\t\t<\/div>\n\t\t\t\t<\/div>\n\t\t\t\t<\/div>\n\t\t\t\t<\/div>\n\t\t\t\t<div class=\"elementor-element elementor-element-93d2fb8 elementor-widget__width-initial elementor-widget elementor-widget-text-editor\" data-id=\"93d2fb8\" data-element_type=\"widget\" data-e-type=\"widget\" data-widget_type=\"text-editor.default\">\n\t\t\t\t<div class=\"elementor-widget-container\">\n\t\t\t\t\t\t\t\t\t<p><span style=\"white-space: pre-wrap;\">All these products can be ordered from one place. All products are made to the dimensions and materials to suit the customer. In addition to good customer service, we offer installation, transport and measuring services throughout Estonia. All products are made in Estonia.<\/span><\/p>\n\t\t\t\t\t\t\t\t<\/div>\n\t\t\t\t<\/div>\n\t\t\t\t<div class=\"elementor-element elementor-element-43db6b5 elementor-mobile-align-center elementor-widget elementor-widget-button\" data-id=\"43db6b5\" data-element_type=\"widget\" data-e-type=\"widget\" data-widget_type=\"button.default\">\n\t\t\t\t<div class=\"elementor-widget-container\">\n\t\t\t\t\t\t\t\t\t<div class=\"elementor-button-wrapper\">\n\t\t\t\t\t<a class=\"elementor-button elementor-button-link elementor-size-sm\" href=\"https:\/\/grandber.ee\/en\/kitchen-furniture\/\">\n\t\t\t\t\t\t<span class=\"elementor-button-content-wrapper\">\n\t\t\t\t\t\t\t\t\t<span class=\"elementor-button-text\">See the product range!<\/span>\n\t\t\t\t\t<\/span>\n\t\t\t\t\t<\/a>\n\t\t\t\t<\/div>\n\t\t\t\t\t\t\t\t<\/div>\n\t\t\t\t<\/div>\n\t\t\t\t\t<\/div>\n\t\t\t\t<\/div>\n\t\t\t\t<\/div>\n\t\t<div class=\"elementor-element elementor-element-fda0f4e e-con-full e-flex e-con e-parent\" data-id=\"fda0f4e\" data-element_type=\"container\" data-e-type=\"container\" data-settings=\"{&quot;background_background&quot;:&quot;classic&quot;}\">\n\t\t<div class=\"elementor-element elementor-element-f6860ce e-con-full e-flex e-con e-child\" data-id=\"f6860ce\" data-element_type=\"container\" data-e-type=\"container\">\n\t\t\t\t<\/div>\n\t\t<div class=\"elementor-element elementor-element-814f219 e-con-full e-flex e-con e-child\" data-id=\"814f219\" data-element_type=\"container\" data-e-type=\"container\">\n\t\t\t\t<div class=\"elementor-element elementor-element-c1c3fb7 elementor-widget elementor-widget-heading\" data-id=\"c1c3fb7\" data-element_type=\"widget\" data-e-type=\"widget\" data-widget_type=\"heading.default\">\n\t\t\t\t<div class=\"elementor-widget-container\">\n\t\t\t\t\t<h2 class=\"elementor-heading-title elementor-size-default\">To contact us<\/h2>\t\t\t\t<\/div>\n\t\t\t\t<\/div>\n\t\t\t\t<div class=\"elementor-element elementor-element-b77973e elementor-widget__width-initial elementor-widget elementor-widget-text-editor\" data-id=\"b77973e\" data-element_type=\"widget\" data-e-type=\"widget\" data-widget_type=\"text-editor.default\">\n\t\t\t\t<div class=\"elementor-widget-container\">\n\t\t\t\t\t\t\t\t\t<p class=\"p1\">See information on our website: <a href=\"https:\/\/grandber.ee\/\"><br \/><span class=\"s1\">www.grandber.ee<\/span><br \/><\/a> and <a href=\"https:\/\/grandber.ee\/en\/contact\/\"><br \/><span class=\"s1\">send a quote request<\/span><br \/><\/a>.<\/p><p class=\"p1\">Visit our salon in Tartu Fortuuna 1 (from Narva mnt) or in Tallinn Tatari 23\/25.<\/p><p class=\"p1\"><b>Call<\/b> our designers &#8211; <a href=\"https:\/\/grandber.ee\/meeskond\/\">contact<\/a>.<\/p><p class=\"p1\">In our showrooms you can find a wide range of materials, where even the most demanding customer will find the right solution at a reasonable price.<\/p>\t\t\t\t\t\t\t\t<\/div>\n\t\t\t\t<\/div>\n\t\t\t\t<div class=\"elementor-element elementor-element-8b447df elementor-widget elementor-widget-button\" data-id=\"8b447df\" data-element_type=\"widget\" data-e-type=\"widget\" data-widget_type=\"button.default\">\n\t\t\t\t<div class=\"elementor-widget-container\">\n\t\t\t\t\t\t\t\t\t<div class=\"elementor-button-wrapper\">\n\t\t\t\t\t<a class=\"elementor-button elementor-button-link elementor-size-sm\" href=\"https:\/\/grandber.ee\/en\/contact\/\">\n\t\t\t\t\t\t<span class=\"elementor-button-content-wrapper\">\n\t\t\t\t\t\t\t\t\t<span class=\"elementor-button-text\">get in touch<\/span>\n\t\t\t\t\t<\/span>\n\t\t\t\t\t<\/a>\n\t\t\t\t<\/div>\n\t\t\t\t\t\t\t\t<\/div>\n\t\t\t\t<\/div>\n\t\t\t\t<\/div>\n\t\t\t\t<\/div>\n\t\t\t\t<\/div>\n\t\t","protected":false},"excerpt":{"rendered":"<p>How to order Certificates LHV Financing About us Grandber Sisustus O\u00dc helps to furnish your home or company premises. We implement the ideas you need to outfit your home or office. Your ideas \u2013 our solution. If you lack ideas, we help to find a suitable solution for you. Your ideas &#8211; our implementation. A [&hellip;]<\/p>\n","protected":false},"author":1,"featured_media":5486,"parent":0,"menu_order":0,"comment_status":"closed","ping_status":"closed","template":"","meta":{"footnotes":""},"class_list":["post-4004","page","type-page","status-publish","has-post-thumbnail","hentry"],"yoast_head":"<!-- This site is optimized with the Yoast SEO plugin v27.3 - https:\/\/yoast.com\/product\/yoast-seo-wordpress\/ -->\n<title>About Us - Furnishing Your Home or Business - Grandber<\/title>\n<meta name=\"description\" content=\"Learn more about Grandber - experts in custom sliding door wardrobes, offering stylish, functional solutions tailored to your interior needs.\" \/>\n<meta name=\"robots\" content=\"index, follow, max-snippet:-1, max-image-preview:large, max-video-preview:-1\" \/>\n<link rel=\"canonical\" href=\"https:\/\/grandber.ee\/en\/about-us\/\" \/>\n<meta property=\"og:locale\" content=\"en_US\" \/>\n<meta property=\"og:type\" content=\"article\" \/>\n<meta property=\"og:title\" content=\"About Us - Furnishing Your Home or Business - Grandber\" \/>\n<meta property=\"og:description\" content=\"Learn more about Grandber - experts in custom sliding door wardrobes, offering stylish, functional solutions tailored to your interior needs.\" \/>\n<meta property=\"og:url\" content=\"https:\/\/grandber.ee\/en\/about-us\/\" \/>\n<meta property=\"og:site_name\" content=\"Grandber Sisustus\" \/>\n<meta property=\"article:modified_time\" content=\"2025-11-10T11:38:07+00:00\" \/>\n<meta property=\"og:image\" content=\"https:\/\/grandber.ee\/wp-content\/uploads\/2024\/12\/Grandber-moobel-WEB-2.jpg\" \/>\n\t<meta property=\"og:image:width\" content=\"1620\" \/>\n\t<meta property=\"og:image:height\" content=\"1080\" \/>\n\t<meta property=\"og:image:type\" content=\"image\/jpeg\" \/>\n<meta name=\"twitter:card\" content=\"summary_large_image\" \/>\n<meta name=\"twitter:label1\" content=\"Est. reading time\" \/>\n\t<meta name=\"twitter:data1\" content=\"3 minutes\" \/>\n<script type=\"application\/ld+json\" class=\"yoast-schema-graph\">{\"@context\":\"https:\\\/\\\/schema.org\",\"@graph\":[{\"@type\":\"WebPage\",\"@id\":\"https:\\\/\\\/grandber.ee\\\/en\\\/about-us\\\/\",\"url\":\"https:\\\/\\\/grandber.ee\\\/en\\\/about-us\\\/\",\"name\":\"About Us - Furnishing Your Home or Business - Grandber\",\"isPartOf\":{\"@id\":\"https:\\\/\\\/grandber.ee\\\/en\\\/#website\"},\"primaryImageOfPage\":{\"@id\":\"https:\\\/\\\/grandber.ee\\\/en\\\/about-us\\\/#primaryimage\"},\"image\":{\"@id\":\"https:\\\/\\\/grandber.ee\\\/en\\\/about-us\\\/#primaryimage\"},\"thumbnailUrl\":\"https:\\\/\\\/grandber.ee\\\/wp-content\\\/uploads\\\/2024\\\/12\\\/Grandber-moobel-WEB-2.jpg\",\"datePublished\":\"2023-04-01T11:05:08+00:00\",\"dateModified\":\"2025-11-10T11:38:07+00:00\",\"description\":\"Learn more about Grandber - experts in custom sliding door wardrobes, offering stylish, functional solutions tailored to your interior needs.\",\"breadcrumb\":{\"@id\":\"https:\\\/\\\/grandber.ee\\\/en\\\/about-us\\\/#breadcrumb\"},\"inLanguage\":\"en-US\",\"potentialAction\":[{\"@type\":\"ReadAction\",\"target\":[\"https:\\\/\\\/grandber.ee\\\/en\\\/about-us\\\/\"]}]},{\"@type\":\"ImageObject\",\"inLanguage\":\"en-US\",\"@id\":\"https:\\\/\\\/grandber.ee\\\/en\\\/about-us\\\/#primaryimage\",\"url\":\"https:\\\/\\\/grandber.ee\\\/wp-content\\\/uploads\\\/2024\\\/12\\\/Grandber-moobel-WEB-2.jpg\",\"contentUrl\":\"https:\\\/\\\/grandber.ee\\\/wp-content\\\/uploads\\\/2024\\\/12\\\/Grandber-moobel-WEB-2.jpg\",\"width\":1620,\"height\":1080,\"caption\":\"Grandber k\u00f6\u00f6gim\u00f6\u00f6bel - 2\"},{\"@type\":\"BreadcrumbList\",\"@id\":\"https:\\\/\\\/grandber.ee\\\/en\\\/about-us\\\/#breadcrumb\",\"itemListElement\":[{\"@type\":\"ListItem\",\"position\":1,\"name\":\"Home\",\"item\":\"https:\\\/\\\/grandber.ee\\\/en\\\/\"},{\"@type\":\"ListItem\",\"position\":2,\"name\":\"About us\"}]},{\"@type\":\"WebSite\",\"@id\":\"https:\\\/\\\/grandber.ee\\\/en\\\/#website\",\"url\":\"https:\\\/\\\/grandber.ee\\\/en\\\/\",\"name\":\"Grandber Sisustus\",\"description\":\"\",\"publisher\":{\"@id\":\"https:\\\/\\\/grandber.ee\\\/en\\\/#organization\"},\"potentialAction\":[{\"@type\":\"SearchAction\",\"target\":{\"@type\":\"EntryPoint\",\"urlTemplate\":\"https:\\\/\\\/grandber.ee\\\/en\\\/?s={search_term_string}\"},\"query-input\":{\"@type\":\"PropertyValueSpecification\",\"valueRequired\":true,\"valueName\":\"search_term_string\"}}],\"inLanguage\":\"en-US\"},{\"@type\":\"Organization\",\"@id\":\"https:\\\/\\\/grandber.ee\\\/en\\\/#organization\",\"name\":\"Grandber Sisustus\",\"url\":\"https:\\\/\\\/grandber.ee\\\/en\\\/\",\"logo\":{\"@type\":\"ImageObject\",\"inLanguage\":\"en-US\",\"@id\":\"https:\\\/\\\/grandber.ee\\\/en\\\/#\\\/schema\\\/logo\\\/image\\\/\",\"url\":\"https:\\\/\\\/grandber.ee\\\/wp-content\\\/uploads\\\/2023\\\/04\\\/Group-1-1.png\",\"contentUrl\":\"https:\\\/\\\/grandber.ee\\\/wp-content\\\/uploads\\\/2023\\\/04\\\/Group-1-1.png\",\"width\":338,\"height\":125,\"caption\":\"Grandber Sisustus\"},\"image\":{\"@id\":\"https:\\\/\\\/grandber.ee\\\/en\\\/#\\\/schema\\\/logo\\\/image\\\/\"}}]}<\/script>\n<!-- \/ Yoast SEO plugin. -->","yoast_head_json":{"title":"About Us - Furnishing Your Home or Business - Grandber","description":"Learn more about Grandber - experts in custom sliding door wardrobes, offering stylish, functional solutions tailored to your interior needs.","robots":{"index":"index","follow":"follow","max-snippet":"max-snippet:-1","max-image-preview":"max-image-preview:large","max-video-preview":"max-video-preview:-1"},"canonical":"https:\/\/grandber.ee\/en\/about-us\/","og_locale":"en_US","og_type":"article","og_title":"About Us - Furnishing Your Home or Business - Grandber","og_description":"Learn more about Grandber - experts in custom sliding door wardrobes, offering stylish, functional solutions tailored to your interior needs.","og_url":"https:\/\/grandber.ee\/en\/about-us\/","og_site_name":"Grandber Sisustus","article_modified_time":"2025-11-10T11:38:07+00:00","og_image":[{"width":1620,"height":1080,"url":"https:\/\/grandber.ee\/wp-content\/uploads\/2024\/12\/Grandber-moobel-WEB-2.jpg","type":"image\/jpeg"}],"twitter_card":"summary_large_image","twitter_misc":{"Est. reading time":"3 minutes"},"schema":{"@context":"https:\/\/schema.org","@graph":[{"@type":"WebPage","@id":"https:\/\/grandber.ee\/en\/about-us\/","url":"https:\/\/grandber.ee\/en\/about-us\/","name":"About Us - Furnishing Your Home or Business - Grandber","isPartOf":{"@id":"https:\/\/grandber.ee\/en\/#website"},"primaryImageOfPage":{"@id":"https:\/\/grandber.ee\/en\/about-us\/#primaryimage"},"image":{"@id":"https:\/\/grandber.ee\/en\/about-us\/#primaryimage"},"thumbnailUrl":"https:\/\/grandber.ee\/wp-content\/uploads\/2024\/12\/Grandber-moobel-WEB-2.jpg","datePublished":"2023-04-01T11:05:08+00:00","dateModified":"2025-11-10T11:38:07+00:00","description":"Learn more about Grandber - experts in custom sliding door wardrobes, offering stylish, functional solutions tailored to your interior needs.","breadcrumb":{"@id":"https:\/\/grandber.ee\/en\/about-us\/#breadcrumb"},"inLanguage":"en-US","potentialAction":[{"@type":"ReadAction","target":["https:\/\/grandber.ee\/en\/about-us\/"]}]},{"@type":"ImageObject","inLanguage":"en-US","@id":"https:\/\/grandber.ee\/en\/about-us\/#primaryimage","url":"https:\/\/grandber.ee\/wp-content\/uploads\/2024\/12\/Grandber-moobel-WEB-2.jpg","contentUrl":"https:\/\/grandber.ee\/wp-content\/uploads\/2024\/12\/Grandber-moobel-WEB-2.jpg","width":1620,"height":1080,"caption":"Grandber k\u00f6\u00f6gim\u00f6\u00f6bel - 2"},{"@type":"BreadcrumbList","@id":"https:\/\/grandber.ee\/en\/about-us\/#breadcrumb","itemListElement":[{"@type":"ListItem","position":1,"name":"Home","item":"https:\/\/grandber.ee\/en\/"},{"@type":"ListItem","position":2,"name":"About us"}]},{"@type":"WebSite","@id":"https:\/\/grandber.ee\/en\/#website","url":"https:\/\/grandber.ee\/en\/","name":"Grandber Sisustus","description":"","publisher":{"@id":"https:\/\/grandber.ee\/en\/#organization"},"potentialAction":[{"@type":"SearchAction","target":{"@type":"EntryPoint","urlTemplate":"https:\/\/grandber.ee\/en\/?s={search_term_string}"},"query-input":{"@type":"PropertyValueSpecification","valueRequired":true,"valueName":"search_term_string"}}],"inLanguage":"en-US"},{"@type":"Organization","@id":"https:\/\/grandber.ee\/en\/#organization","name":"Grandber Sisustus","url":"https:\/\/grandber.ee\/en\/","logo":{"@type":"ImageObject","inLanguage":"en-US","@id":"https:\/\/grandber.ee\/en\/#\/schema\/logo\/image\/","url":"https:\/\/grandber.ee\/wp-content\/uploads\/2023\/04\/Group-1-1.png","contentUrl":"https:\/\/grandber.ee\/wp-content\/uploads\/2023\/04\/Group-1-1.png","width":338,"height":125,"caption":"Grandber Sisustus"},"image":{"@id":"https:\/\/grandber.ee\/en\/#\/schema\/logo\/image\/"}}]}},"_links":{"self":[{"href":"https:\/\/grandber.ee\/en\/wp-json\/wp\/v2\/pages\/4004","targetHints":{"allow":["GET"]}}],"collection":[{"href":"https:\/\/grandber.ee\/en\/wp-json\/wp\/v2\/pages"}],"about":[{"href":"https:\/\/grandber.ee\/en\/wp-json\/wp\/v2\/types\/page"}],"author":[{"embeddable":true,"href":"https:\/\/grandber.ee\/en\/wp-json\/wp\/v2\/users\/1"}],"replies":[{"embeddable":true,"href":"https:\/\/grandber.ee\/en\/wp-json\/wp\/v2\/comments?post=4004"}],"version-history":[{"count":15,"href":"https:\/\/grandber.ee\/en\/wp-json\/wp\/v2\/pages\/4004\/revisions"}],"predecessor-version":[{"id":5933,"href":"https:\/\/grandber.ee\/en\/wp-json\/wp\/v2\/pages\/4004\/revisions\/5933"}],"wp:featuredmedia":[{"embeddable":true,"href":"https:\/\/grandber.ee\/en\/wp-json\/wp\/v2\/media\/5486"}],"wp:attachment":[{"href":"https:\/\/grandber.ee\/en\/wp-json\/wp\/v2\/media?parent=4004"}],"curies":[{"name":"wp","href":"https:\/\/api.w.org\/{rel}","templated":true}]}}