{"id":4019,"date":"2023-04-01T11:41:40","date_gmt":"2023-04-01T11:41:40","guid":{"rendered":"https:\/\/grandber.ee\/kitchen-furniture\/"},"modified":"2023-06-06T20:29:05","modified_gmt":"2023-06-06T20:29:05","slug":"kitchen-furniture","status":"publish","type":"page","link":"https:\/\/grandber.ee\/en\/kitchen-furniture\/","title":{"rendered":"Kitchen Furniture product"},"content":{"rendered":"\t\t<div data-elementor-type=\"wp-post\" data-elementor-id=\"4019\" class=\"elementor elementor-4019\" data-elementor-post-type=\"page\">\n\t\t\t\t<div class=\"elementor-element elementor-element-2b1f25c e-flex e-con-boxed e-con e-parent\" data-id=\"2b1f25c\" data-element_type=\"container\" data-e-type=\"container\">\n\t\t\t\t\t<div class=\"e-con-inner\">\n\t\t<div class=\"elementor-element elementor-element-5832dd3 e-con-full e-flex e-con e-parent\" data-id=\"5832dd3\" data-element_type=\"container\" data-e-type=\"container\">\n\t\t\t\t<div class=\"elementor-element elementor-element-a039602 elementor-widget__width-initial elementor-widget elementor-widget-heading\" data-id=\"a039602\" data-element_type=\"widget\" data-e-type=\"widget\" data-widget_type=\"heading.default\">\n\t\t\t\t<div class=\"elementor-widget-container\">\n\t\t\t\t\t<h2 class=\"elementor-heading-title elementor-size-default\">KITCHEN FURNITURE<\/h2>\t\t\t\t<\/div>\n\t\t\t\t<\/div>\n\t\t\t\t<div class=\"elementor-element elementor-element-acd0c0a elementor-widget__width-initial elementor-widget elementor-widget-text-editor\" data-id=\"acd0c0a\" data-element_type=\"widget\" data-e-type=\"widget\" data-widget_type=\"text-editor.default\">\n\t\t\t\t<div class=\"elementor-widget-container\">\n\t\t\t\t\t\t\t\t\t<p>When we furnish our home, we wish to be surrounded by beautiful pieces of furniture and items that blend perfectly with the interior. Our home is a place where we feel equally comfortable on hot summer days and in dark autumn evenings. Regardless of the season, the kitchen is the heart of your home.   <br \/>The times when kitchen furniture was simple and just a necessity have passed.<br \/>Modern kitchen furniture reflects the homeowner\u2019s individuality and unique taste. Our goal is to offer you one of a kind high quality design kitchen for a good price.  <br \/>Kitchen furniture should be convenient to use for all family members and support daily activities. Our quality materials, novel solutions and professional service help you find the best kitchen solution for your home. <\/p>\n<p><a href=\"https:\/\/grandber.ee\/en\/completed-work-kitchen-furniture\/\">Browse completed projects.<\/a><\/p>\n\t\t\t\t\t\t\t\t<\/div>\n\t\t\t\t<\/div>\n\t\t\t\t<div class=\"elementor-element elementor-element-90f9b46 elementor-widget elementor-widget-button\" data-id=\"90f9b46\" data-element_type=\"widget\" data-e-type=\"widget\" data-widget_type=\"button.default\">\n\t\t\t\t<div class=\"elementor-widget-container\">\n\t\t\t\t\t\t\t\t\t<div class=\"elementor-button-wrapper\">\n\t\t\t\t\t<a class=\"elementor-button elementor-button-link elementor-size-sm\" href=\"https:\/\/grandber.ee\/en\/contact\/\">\n\t\t\t\t\t\t<span class=\"elementor-button-content-wrapper\">\n\t\t\t\t\t\t\t\t\t<span class=\"elementor-button-text\">Ask for offer<\/span>\n\t\t\t\t\t<\/span>\n\t\t\t\t\t<\/a>\n\t\t\t\t<\/div>\n\t\t\t\t\t\t\t\t<\/div>\n\t\t\t\t<\/div>\n\t\t\t\t<\/div>\n\t\t<div class=\"elementor-element elementor-element-102e1ec e-con-full e-flex e-con e-parent\" data-id=\"102e1ec\" data-element_type=\"container\" data-e-type=\"container\">\n\t\t\t\t<\/div>\n\t\t\t\t\t<\/div>\n\t\t\t\t<\/div>\n\t\t<div class=\"elementor-element elementor-element-14c5e51 e-flex e-con-boxed e-con e-parent\" data-id=\"14c5e51\" data-element_type=\"container\" data-e-type=\"container\">\n\t\t\t\t\t<div class=\"e-con-inner\">\n\t\t\t\t<div class=\"elementor-element elementor-element-e8413a6 elementor-widget__width-initial elementor-widget elementor-widget-heading\" data-id=\"e8413a6\" data-element_type=\"widget\" data-e-type=\"widget\" data-widget_type=\"heading.default\">\n\t\t\t\t<div class=\"elementor-widget-container\">\n\t\t\t\t\t<h2 class=\"elementor-heading-title elementor-size-default\">KITCHEN BAGS<\/h2>\t\t\t\t<\/div>\n\t\t\t\t<\/div>\n\t\t\t\t<div class=\"elementor-element elementor-element-c29405d elementor-widget elementor-widget-text-editor\" data-id=\"c29405d\" data-element_type=\"widget\" data-e-type=\"widget\" data-widget_type=\"text-editor.default\">\n\t\t\t\t<div class=\"elementor-widget-container\">\n\t\t\t\t\t\t\t\t\t<p>Grandber offers a versatile range of kitchen furniture solutions: classic kitchens, kitchens with island and Scandinavian style kitchens. The range also includes corner kitchens. Grandber doesn&#8217;t offer prefabricated kitchens &#8211; all our kitchens are tailor-made to your needs.<\/p>\n\t\t\t\t\t\t\t\t<\/div>\n\t\t\t\t<\/div>\n\t\t\t\t\t<\/div>\n\t\t\t\t<\/div>\n\t\t<div class=\"elementor-element elementor-element-2d3fb1a e-flex e-con-boxed e-con e-parent\" data-id=\"2d3fb1a\" data-element_type=\"container\" data-e-type=\"container\">\n\t\t\t\t\t<div class=\"e-con-inner\">\n\t\t\t\t<div class=\"elementor-element elementor-element-7062603 .slider elementor-arrows-position-inside elementor-widget elementor-widget-loop-carousel\" data-id=\"7062603\" data-element_type=\"widget\" data-e-type=\"widget\" data-settings=\"{&quot;template_id&quot;:&quot;193&quot;,&quot;slides_to_show&quot;:&quot;1&quot;,&quot;image_spacing_custom_mobile&quot;:{&quot;unit&quot;:&quot;px&quot;,&quot;size&quot;:0,&quot;sizes&quot;:[]},&quot;_skin&quot;:&quot;post&quot;,&quot;slides_to_show_tablet&quot;:&quot;2&quot;,&quot;slides_to_show_mobile&quot;:&quot;1&quot;,&quot;slides_to_scroll&quot;:&quot;1&quot;,&quot;edit_handle_selector&quot;:&quot;.elementor-widget-container&quot;,&quot;infinite&quot;:&quot;yes&quot;,&quot;speed&quot;:500,&quot;offset_sides&quot;:&quot;none&quot;,&quot;arrows&quot;:&quot;yes&quot;,&quot;image_spacing_custom&quot;:{&quot;unit&quot;:&quot;px&quot;,&quot;size&quot;:10,&quot;sizes&quot;:[]},&quot;image_spacing_custom_tablet&quot;:{&quot;unit&quot;:&quot;px&quot;,&quot;size&quot;:&quot;&quot;,&quot;sizes&quot;:[]}}\" data-widget_type=\"loop-carousel.post\">\n\t\t\t\t<div class=\"elementor-widget-container\">\n\t\t\t\t\t\t\t<div class=\"e-loop-nothing-found-message\">\n\t\t<\/div>\n\t\t\t\t\t\t<\/div>\n\t\t\t\t<\/div>\n\t\t\t\t\t<\/div>\n\t\t\t\t<\/div>\n\t\t<div class=\"elementor-element elementor-element-b8dcd8a e-flex e-con-boxed e-con e-parent\" data-id=\"b8dcd8a\" data-element_type=\"container\" data-e-type=\"container\">\n\t\t\t\t\t<div class=\"e-con-inner\">\n\t\t<div class=\"elementor-element elementor-element-1b5a64f e-con-full e-flex e-con e-parent\" data-id=\"1b5a64f\" data-element_type=\"container\" data-e-type=\"container\">\n\t\t<div class=\"elementor-element elementor-element-32f143b e-flex e-con-boxed e-con e-parent\" data-id=\"32f143b\" data-element_type=\"container\" data-e-type=\"container\">\n\t\t\t\t\t<div class=\"e-con-inner\">\n\t\t<div class=\"elementor-element elementor-element-adaa809 e-con-full e-flex e-con e-parent\" data-id=\"adaa809\" data-element_type=\"container\" data-e-type=\"container\" data-settings=\"{&quot;background_background&quot;:&quot;classic&quot;}\">\n\t\t\t\t<div class=\"elementor-element elementor-element-e846493 elementor-widget elementor-widget-heading\" data-id=\"e846493\" data-element_type=\"widget\" data-e-type=\"widget\" data-widget_type=\"heading.default\">\n\t\t\t\t<div class=\"elementor-widget-container\">\n\t\t\t\t\t<h2 class=\"elementor-heading-title elementor-size-default\">TECHNOLOGY<\/h2>\t\t\t\t<\/div>\n\t\t\t\t<\/div>\n\t\t\t\t<div class=\"elementor-element elementor-element-f2c6016 elementor-widget__width-initial elementor-widget elementor-widget-text-editor\" data-id=\"f2c6016\" data-element_type=\"widget\" data-e-type=\"widget\" data-widget_type=\"text-editor.default\">\n\t\t\t\t<div class=\"elementor-widget-container\">\n\t\t\t\t\t\t\t\t\t<p><span style=\"white-space: pre-wrap;\">When choosing the kitchen of your dreams, take the kitchen furniture with the appliances. This saves you time and makes the whole buying process much easier. We work with quality kitchen brands such as <b>Electrolux<\/b>, <b>AEG<\/b>, <b>Bosch<\/b> and <b>Dietrich<\/b>. If you are looking for kitchen furniture with integrated appliances, please contact us! As for lighting, we have a range of LED lighting for kitchen furniture. We offer recessed strip lights and recessed LED lights that can be integrated into overhead cabinets.<\/span><\/p>\n\t\t\t\t\t\t\t\t<\/div>\n\t\t\t\t<\/div>\n\t\t\t\t<\/div>\n\t\t<div class=\"elementor-element elementor-element-50764e7 e-con-full e-flex e-con e-parent\" data-id=\"50764e7\" data-element_type=\"container\" data-e-type=\"container\" data-settings=\"{&quot;background_background&quot;:&quot;classic&quot;}\">\n\t\t\t\t<div class=\"elementor-element elementor-element-f561827 elementor-widget elementor-widget-heading\" data-id=\"f561827\" data-element_type=\"widget\" data-e-type=\"widget\" data-widget_type=\"heading.default\">\n\t\t\t\t<div class=\"elementor-widget-container\">\n\t\t\t\t\t<h2 class=\"elementor-heading-title elementor-size-default\">MATERIALS<\/h2>\t\t\t\t<\/div>\n\t\t\t\t<\/div>\n\t\t\t\t<div class=\"elementor-element elementor-element-da9c12f elementor-widget__width-initial elementor-widget elementor-widget-text-editor\" data-id=\"da9c12f\" data-element_type=\"widget\" data-e-type=\"widget\" data-widget_type=\"text-editor.default\">\n\t\t\t\t<div class=\"elementor-widget-container\">\n\t\t\t\t\t\t\t\t\t<p dir=\"ltr\">Grandber offers a range of materials: <b>high gloss<\/b> and <b>super matt acrylic tiles<\/b>, <b>veneer tiles<\/b>, <b>melamine tiles<\/b>, <b>nano-plates<\/b> and <b>painted MDF furniture tiles<\/b>. We offer a wide range of colours, from which you are sure to find your favourite. In addition, in recent years,<b>solid wood kitchen furniture<\/b> doors have regained popularity, which we can also manufacture on request.<\/p>\n<p dir=\"ltr\">Kitchen worktops are an essential part of the kitchen. It has both a decorative and a practical role to play. The <b>choice of materials in our salons is very varied<\/b>.<\/p>\n\t\t\t\t\t\t\t\t<\/div>\n\t\t\t\t<\/div>\n\t\t\t\t<\/div>\n\t\t\t\t\t<\/div>\n\t\t\t\t<\/div>\n\t\t<div class=\"elementor-element elementor-element-6a17e1f e-flex e-con-boxed e-con e-parent\" data-id=\"6a17e1f\" data-element_type=\"container\" data-e-type=\"container\">\n\t\t\t\t\t<div class=\"e-con-inner\">\n\t\t<div class=\"elementor-element elementor-element-9da3fbe e-con-full e-flex e-con e-parent\" data-id=\"9da3fbe\" data-element_type=\"container\" data-e-type=\"container\" data-settings=\"{&quot;background_background&quot;:&quot;classic&quot;}\">\n\t\t\t\t<div class=\"elementor-element elementor-element-578c516 elementor-widget elementor-widget-heading\" data-id=\"578c516\" data-element_type=\"widget\" data-e-type=\"widget\" data-widget_type=\"heading.default\">\n\t\t\t\t<div class=\"elementor-widget-container\">\n\t\t\t\t\t<h2 class=\"elementor-heading-title elementor-size-default\">FURNITURE<\/h2>\t\t\t\t<\/div>\n\t\t\t\t<\/div>\n\t\t\t\t<div class=\"elementor-element elementor-element-78bb8d6 elementor-widget__width-initial elementor-widget elementor-widget-text-editor\" data-id=\"78bb8d6\" data-element_type=\"widget\" data-e-type=\"widget\" data-widget_type=\"text-editor.default\">\n\t\t\t\t<div class=\"elementor-widget-container\">\n\t\t\t\t\t\t\t\t\t<p class=\"p1\">The kitchen&#8217;s distinctive features and practicality are created by the fittings, or kitchen furniture accessories: <b>basket systems<\/b>, <b>handles<\/b>, <b>LED lighting<\/b> and <b>bin systems<\/b>. Thanks to thoughtful details, it is possible to make your kitchen visually attractive and functional.<\/p>\n\t\t\t\t\t\t\t\t<\/div>\n\t\t\t\t<\/div>\n\t\t\t\t<\/div>\n\t\t<div class=\"elementor-element elementor-element-d801a77 e-con-full e-flex e-con e-parent\" data-id=\"d801a77\" data-element_type=\"container\" data-e-type=\"container\" data-settings=\"{&quot;background_background&quot;:&quot;classic&quot;}\">\n\t\t\t\t<div class=\"elementor-element elementor-element-cd29035 elementor-widget elementor-widget-heading\" data-id=\"cd29035\" data-element_type=\"widget\" data-e-type=\"widget\" data-widget_type=\"heading.default\">\n\t\t\t\t<div class=\"elementor-widget-container\">\n\t\t\t\t\t<h2 class=\"elementor-heading-title elementor-size-default\">BESPOKE KITCHEN VS READY-MADE KITCHEN<\/h2>\t\t\t\t<\/div>\n\t\t\t\t<\/div>\n\t\t\t\t<div class=\"elementor-element elementor-element-17677c0 elementor-widget__width-initial elementor-widget elementor-widget-text-editor\" data-id=\"17677c0\" data-element_type=\"widget\" data-e-type=\"widget\" data-widget_type=\"text-editor.default\">\n\t\t\t\t<div class=\"elementor-widget-container\">\n\t\t\t\t\t\t\t\t\t<p dir=\"ltr\">A <b>custom-made kitchen is your face<\/b>. It&#8217;s designed with <b>your family&#8217;s needs<\/b> and <b>tastes in<\/b> mind. Custom-made kitchen furniture is for you if you value uniqueness.<\/p>\n<p dir=\"ltr\">The finished kitchen is simple and comfortable, but lacks character. It&#8217;s not your family&#8217;s face, and it&#8217;s not designed by you.<\/p>\t\t\t\t\t\t\t\t<\/div>\n\t\t\t\t<\/div>\n\t\t\t\t<\/div>\n\t\t\t\t\t<\/div>\n\t\t\t\t<\/div>\n\t\t\t\t<\/div>\n\t\t\t\t\t<\/div>\n\t\t\t\t<\/div>\n\t\t<div class=\"elementor-element elementor-element-4aa4a73 e-flex e-con-boxed e-con e-parent\" data-id=\"4aa4a73\" data-element_type=\"container\" data-e-type=\"container\" data-settings=\"{&quot;background_background&quot;:&quot;classic&quot;}\">\n\t\t\t\t\t<div class=\"e-con-inner\">\n\t\t\t\t\t<\/div>\n\t\t\t\t<\/div>\n\t\t<div class=\"elementor-element elementor-element-14ef03a e-flex e-con-boxed e-con e-parent\" data-id=\"14ef03a\" data-element_type=\"container\" data-e-type=\"container\">\n\t\t\t\t\t<div class=\"e-con-inner\">\n\t\t\t\t<div class=\"elementor-element elementor-element-3d82e35 elementor-widget elementor-widget-heading\" data-id=\"3d82e35\" data-element_type=\"widget\" data-e-type=\"widget\" data-widget_type=\"heading.default\">\n\t\t\t\t<div class=\"elementor-widget-container\">\n\t\t\t\t\t<h2 class=\"elementor-heading-title elementor-size-default\">KITCHEN FURNITURE DESIGN<\/h2>\t\t\t\t<\/div>\n\t\t\t\t<\/div>\n\t\t\t\t<div class=\"elementor-element elementor-element-5278add elementor-widget__width-initial elementor-widget elementor-widget-text-editor\" data-id=\"5278add\" data-element_type=\"widget\" data-e-type=\"widget\" data-widget_type=\"text-editor.default\">\n\t\t\t\t<div class=\"elementor-widget-container\">\n\t\t\t\t\t\t\t\t\t<p><span style=\"white-space: pre-wrap;\">Planning kitchen furniture is a holistic and carefully thought-out process. You should start with drawings, as they help you to better visualise the result you want. Anyone can handle a simple drawing, but designing kitchen furniture can require a professional hand.<br \/>If you are short of ideas, our customer assistants will help you, they will draw up drawings in the salon and the initial kitchen furniture sketch will be ready! You should arrange a time to visit the salon beforehand so that we can offer you the most personalised service possible.<br \/>You then need to choose the materials. The selection is available on the website and in the salon. Our helpful team will help you find the best solution and prepare a quote.<br \/>Grandber offers a comprehensive turnkey solution. In addition to materials advice, we also offer personal project management, including a designer visit (room measurement, project specification, material and colour selection), equipment assembly and delivery, furniture installation and warranty service.<\/span><\/p><\/p>\n\t\t\t\t\t\t\t\t<\/div>\n\t\t\t\t<\/div>\n\t\t\t\t\t<\/div>\n\t\t\t\t<\/div>\n\t\t\t\t<\/div>\n\t\t","protected":false},"excerpt":{"rendered":"<p>KITCHEN FURNITURE When we furnish our home, we wish to be surrounded by beautiful pieces of furniture and items that blend perfectly with the interior. Our home is a place where we feel equally comfortable on hot summer days and in dark autumn evenings. Regardless of the season, the kitchen is the heart of your [&hellip;]<\/p>\n","protected":false},"author":1,"featured_media":5720,"parent":0,"menu_order":0,"comment_status":"closed","ping_status":"closed","template":"elementor_header_footer","meta":{"footnotes":""},"class_list":["post-4019","page","type-page","status-publish","has-post-thumbnail","hentry"],"yoast_head":"<!-- This site is optimized with the Yoast SEO plugin v27.4 - https:\/\/yoast.com\/product\/yoast-seo-wordpress\/ -->\n<title>Kitchen furniture in Tartu and Tallinn - Grandber<\/title>\n<meta name=\"description\" content=\"Kitchen furniture at an affordable price. Visit our salons in Tartu and Tallinn and ask for a personal offer for your kitchen furniture.\" \/>\n<meta name=\"robots\" content=\"index, follow, max-snippet:-1, max-image-preview:large, max-video-preview:-1\" \/>\n<link rel=\"canonical\" href=\"https:\/\/grandber.ee\/en\/kitchen-furniture\/\" \/>\n<meta property=\"og:locale\" content=\"en_US\" \/>\n<meta property=\"og:type\" content=\"article\" \/>\n<meta property=\"og:title\" content=\"Kitchen furniture in Tartu and Tallinn - Grandber\" \/>\n<meta property=\"og:description\" content=\"Kitchen furniture at an affordable price. Visit our salons in Tartu and Tallinn and ask for a personal offer for your kitchen furniture.\" \/>\n<meta property=\"og:url\" content=\"https:\/\/grandber.ee\/en\/kitchen-furniture\/\" \/>\n<meta property=\"og:site_name\" content=\"Grandber Sisustus\" \/>\n<meta property=\"article:modified_time\" content=\"2023-06-06T20:29:05+00:00\" \/>\n<meta property=\"og:image\" content=\"https:\/\/grandber.ee\/wp-content\/uploads\/2025\/07\/DSC_4625-Edit.jpg\" \/>\n\t<meta property=\"og:image:width\" content=\"2048\" \/>\n\t<meta property=\"og:image:height\" content=\"1363\" \/>\n\t<meta property=\"og:image:type\" content=\"image\/jpeg\" \/>\n<meta name=\"twitter:card\" content=\"summary_large_image\" \/>\n<meta name=\"twitter:label1\" content=\"Est. reading time\" \/>\n\t<meta name=\"twitter:data1\" content=\"3 minutes\" \/>\n<script type=\"application\/ld+json\" class=\"yoast-schema-graph\">{\"@context\":\"https:\\\/\\\/schema.org\",\"@graph\":[{\"@type\":\"WebPage\",\"@id\":\"https:\\\/\\\/grandber.ee\\\/en\\\/kitchen-furniture\\\/\",\"url\":\"https:\\\/\\\/grandber.ee\\\/en\\\/kitchen-furniture\\\/\",\"name\":\"Kitchen furniture in Tartu and Tallinn - Grandber\",\"isPartOf\":{\"@id\":\"https:\\\/\\\/grandber.ee\\\/en\\\/#website\"},\"primaryImageOfPage\":{\"@id\":\"https:\\\/\\\/grandber.ee\\\/en\\\/kitchen-furniture\\\/#primaryimage\"},\"image\":{\"@id\":\"https:\\\/\\\/grandber.ee\\\/en\\\/kitchen-furniture\\\/#primaryimage\"},\"thumbnailUrl\":\"https:\\\/\\\/grandber.ee\\\/wp-content\\\/uploads\\\/2025\\\/07\\\/DSC_4625-Edit.jpg\",\"datePublished\":\"2023-04-01T11:41:40+00:00\",\"dateModified\":\"2023-06-06T20:29:05+00:00\",\"description\":\"Kitchen furniture at an affordable price. Visit our salons in Tartu and Tallinn and ask for a personal offer for your kitchen furniture.\",\"breadcrumb\":{\"@id\":\"https:\\\/\\\/grandber.ee\\\/en\\\/kitchen-furniture\\\/#breadcrumb\"},\"inLanguage\":\"en-US\",\"potentialAction\":[{\"@type\":\"ReadAction\",\"target\":[\"https:\\\/\\\/grandber.ee\\\/en\\\/kitchen-furniture\\\/\"]}]},{\"@type\":\"ImageObject\",\"inLanguage\":\"en-US\",\"@id\":\"https:\\\/\\\/grandber.ee\\\/en\\\/kitchen-furniture\\\/#primaryimage\",\"url\":\"https:\\\/\\\/grandber.ee\\\/wp-content\\\/uploads\\\/2025\\\/07\\\/DSC_4625-Edit.jpg\",\"contentUrl\":\"https:\\\/\\\/grandber.ee\\\/wp-content\\\/uploads\\\/2025\\\/07\\\/DSC_4625-Edit.jpg\",\"width\":2048,\"height\":1363,\"caption\":\"K\u00f6\u00f6gim\u00f6\u00f6bel Tallinnas\"},{\"@type\":\"BreadcrumbList\",\"@id\":\"https:\\\/\\\/grandber.ee\\\/en\\\/kitchen-furniture\\\/#breadcrumb\",\"itemListElement\":[{\"@type\":\"ListItem\",\"position\":1,\"name\":\"Home\",\"item\":\"https:\\\/\\\/grandber.ee\\\/en\\\/\"},{\"@type\":\"ListItem\",\"position\":2,\"name\":\"Kitchen Furniture product\"}]},{\"@type\":\"WebSite\",\"@id\":\"https:\\\/\\\/grandber.ee\\\/en\\\/#website\",\"url\":\"https:\\\/\\\/grandber.ee\\\/en\\\/\",\"name\":\"Grandber Sisustus\",\"description\":\"\",\"publisher\":{\"@id\":\"https:\\\/\\\/grandber.ee\\\/en\\\/#organization\"},\"potentialAction\":[{\"@type\":\"SearchAction\",\"target\":{\"@type\":\"EntryPoint\",\"urlTemplate\":\"https:\\\/\\\/grandber.ee\\\/en\\\/?s={search_term_string}\"},\"query-input\":{\"@type\":\"PropertyValueSpecification\",\"valueRequired\":true,\"valueName\":\"search_term_string\"}}],\"inLanguage\":\"en-US\"},{\"@type\":\"Organization\",\"@id\":\"https:\\\/\\\/grandber.ee\\\/en\\\/#organization\",\"name\":\"Grandber Sisustus\",\"url\":\"https:\\\/\\\/grandber.ee\\\/en\\\/\",\"logo\":{\"@type\":\"ImageObject\",\"inLanguage\":\"en-US\",\"@id\":\"https:\\\/\\\/grandber.ee\\\/en\\\/#\\\/schema\\\/logo\\\/image\\\/\",\"url\":\"https:\\\/\\\/grandber.ee\\\/wp-content\\\/uploads\\\/2023\\\/04\\\/Group-1-1.png\",\"contentUrl\":\"https:\\\/\\\/grandber.ee\\\/wp-content\\\/uploads\\\/2023\\\/04\\\/Group-1-1.png\",\"width\":338,\"height\":125,\"caption\":\"Grandber Sisustus\"},\"image\":{\"@id\":\"https:\\\/\\\/grandber.ee\\\/en\\\/#\\\/schema\\\/logo\\\/image\\\/\"}}]}<\/script>\n<!-- \/ Yoast SEO plugin. -->","yoast_head_json":{"title":"Kitchen furniture in Tartu and Tallinn - Grandber","description":"Kitchen furniture at an affordable price. Visit our salons in Tartu and Tallinn and ask for a personal offer for your kitchen furniture.","robots":{"index":"index","follow":"follow","max-snippet":"max-snippet:-1","max-image-preview":"max-image-preview:large","max-video-preview":"max-video-preview:-1"},"canonical":"https:\/\/grandber.ee\/en\/kitchen-furniture\/","og_locale":"en_US","og_type":"article","og_title":"Kitchen furniture in Tartu and Tallinn - Grandber","og_description":"Kitchen furniture at an affordable price. Visit our salons in Tartu and Tallinn and ask for a personal offer for your kitchen furniture.","og_url":"https:\/\/grandber.ee\/en\/kitchen-furniture\/","og_site_name":"Grandber Sisustus","article_modified_time":"2023-06-06T20:29:05+00:00","og_image":[{"width":2048,"height":1363,"url":"https:\/\/grandber.ee\/wp-content\/uploads\/2025\/07\/DSC_4625-Edit.jpg","type":"image\/jpeg"}],"twitter_card":"summary_large_image","twitter_misc":{"Est. reading time":"3 minutes"},"schema":{"@context":"https:\/\/schema.org","@graph":[{"@type":"WebPage","@id":"https:\/\/grandber.ee\/en\/kitchen-furniture\/","url":"https:\/\/grandber.ee\/en\/kitchen-furniture\/","name":"Kitchen furniture in Tartu and Tallinn - Grandber","isPartOf":{"@id":"https:\/\/grandber.ee\/en\/#website"},"primaryImageOfPage":{"@id":"https:\/\/grandber.ee\/en\/kitchen-furniture\/#primaryimage"},"image":{"@id":"https:\/\/grandber.ee\/en\/kitchen-furniture\/#primaryimage"},"thumbnailUrl":"https:\/\/grandber.ee\/wp-content\/uploads\/2025\/07\/DSC_4625-Edit.jpg","datePublished":"2023-04-01T11:41:40+00:00","dateModified":"2023-06-06T20:29:05+00:00","description":"Kitchen furniture at an affordable price. Visit our salons in Tartu and Tallinn and ask for a personal offer for your kitchen furniture.","breadcrumb":{"@id":"https:\/\/grandber.ee\/en\/kitchen-furniture\/#breadcrumb"},"inLanguage":"en-US","potentialAction":[{"@type":"ReadAction","target":["https:\/\/grandber.ee\/en\/kitchen-furniture\/"]}]},{"@type":"ImageObject","inLanguage":"en-US","@id":"https:\/\/grandber.ee\/en\/kitchen-furniture\/#primaryimage","url":"https:\/\/grandber.ee\/wp-content\/uploads\/2025\/07\/DSC_4625-Edit.jpg","contentUrl":"https:\/\/grandber.ee\/wp-content\/uploads\/2025\/07\/DSC_4625-Edit.jpg","width":2048,"height":1363,"caption":"K\u00f6\u00f6gim\u00f6\u00f6bel Tallinnas"},{"@type":"BreadcrumbList","@id":"https:\/\/grandber.ee\/en\/kitchen-furniture\/#breadcrumb","itemListElement":[{"@type":"ListItem","position":1,"name":"Home","item":"https:\/\/grandber.ee\/en\/"},{"@type":"ListItem","position":2,"name":"Kitchen Furniture product"}]},{"@type":"WebSite","@id":"https:\/\/grandber.ee\/en\/#website","url":"https:\/\/grandber.ee\/en\/","name":"Grandber Sisustus","description":"","publisher":{"@id":"https:\/\/grandber.ee\/en\/#organization"},"potentialAction":[{"@type":"SearchAction","target":{"@type":"EntryPoint","urlTemplate":"https:\/\/grandber.ee\/en\/?s={search_term_string}"},"query-input":{"@type":"PropertyValueSpecification","valueRequired":true,"valueName":"search_term_string"}}],"inLanguage":"en-US"},{"@type":"Organization","@id":"https:\/\/grandber.ee\/en\/#organization","name":"Grandber Sisustus","url":"https:\/\/grandber.ee\/en\/","logo":{"@type":"ImageObject","inLanguage":"en-US","@id":"https:\/\/grandber.ee\/en\/#\/schema\/logo\/image\/","url":"https:\/\/grandber.ee\/wp-content\/uploads\/2023\/04\/Group-1-1.png","contentUrl":"https:\/\/grandber.ee\/wp-content\/uploads\/2023\/04\/Group-1-1.png","width":338,"height":125,"caption":"Grandber Sisustus"},"image":{"@id":"https:\/\/grandber.ee\/en\/#\/schema\/logo\/image\/"}}]}},"_links":{"self":[{"href":"https:\/\/grandber.ee\/en\/wp-json\/wp\/v2\/pages\/4019","targetHints":{"allow":["GET"]}}],"collection":[{"href":"https:\/\/grandber.ee\/en\/wp-json\/wp\/v2\/pages"}],"about":[{"href":"https:\/\/grandber.ee\/en\/wp-json\/wp\/v2\/types\/page"}],"author":[{"embeddable":true,"href":"https:\/\/grandber.ee\/en\/wp-json\/wp\/v2\/users\/1"}],"replies":[{"embeddable":true,"href":"https:\/\/grandber.ee\/en\/wp-json\/wp\/v2\/comments?post=4019"}],"version-history":[{"count":4,"href":"https:\/\/grandber.ee\/en\/wp-json\/wp\/v2\/pages\/4019\/revisions"}],"predecessor-version":[{"id":4055,"href":"https:\/\/grandber.ee\/en\/wp-json\/wp\/v2\/pages\/4019\/revisions\/4055"}],"wp:featuredmedia":[{"embeddable":true,"href":"https:\/\/grandber.ee\/en\/wp-json\/wp\/v2\/media\/5720"}],"wp:attachment":[{"href":"https:\/\/grandber.ee\/en\/wp-json\/wp\/v2\/media?parent=4019"}],"curies":[{"name":"wp","href":"https:\/\/api.w.org\/{rel}","templated":true}]}}